{"id":49,"date":"2020-05-25T17:32:37","date_gmt":"2020-05-25T15:32:37","guid":{"rendered":"http:\/\/mairiedeguenviller.fr\/?page_id=49"},"modified":"2026-04-13T15:35:11","modified_gmt":"2026-04-13T13:35:11","slug":"mairie","status":"publish","type":"page","link":"https:\/\/mairiedeguenviller.fr\/index.php\/mairie\/","title":{"rendered":"Mairie"},"content":{"rendered":"\n<p><strong>Adresse postale de la mairie :<\/strong><br>9 Rue de l&rsquo;\u00c9glise 57470 GUENVILLER<\/p>\n\n\n\n<p><strong>T\u00e9l\u00e9phone<\/strong> <a href=\"tel:0387891085\">03 87 89 10 85<\/a><br>International: +33 3 87 89 10 85<\/p>\n\n\n\n<p><strong>Courriel : <\/strong><a href=\"mailto:mairie.guenviller@wanadoo.fr\">mairie.guenviller@enes.fr<\/a><\/p>\n\n\n\n<p><\/p>\n\n\n\n<figure class=\"wp-block-table\"><table><tbody><tr><td><\/td><td>Matin<\/td><td>Apr\u00e8s midis<\/td><\/tr><tr><td>Lundi<\/td><td>9h00 &#8211; 11h00<\/td><td>14h00 &#8211; 15h45<\/td><\/tr><tr><td>Mardi<\/td><td>9h00 &#8211; 11h00<\/td><td>14h00 &#8211; 17h00<\/td><\/tr><tr><td>Jeudi<\/td><td>9h00 &#8211; 11h00<\/td><td>14h00 &#8211; 15h45<\/td><\/tr><tr><td>Vendredi<\/td><td>9h00 &#8211; 11h00<\/td><td>14h00 &#8211; 15h45<\/td><\/tr><\/tbody><\/table><\/figure>\n\n\n\n<p><strong>Permanence du Maire et des adjoints : mardi et jeudi, de 17h \u00e0 18h<\/strong><\/p>\n\n\n\n<p>En cas d\u2019urgence pr\u00e9venir M. le Maire :<\/p>\n\n\n\n<p>DUPPRE Andr\u00e9 :<br><a href=\"tel:0686880976\">06.40.89.90.36<\/a><\/p>\n\n\n\n<p><\/p>\n\n\n\n<p><\/p>\n\n\n\n<p><br><\/p>\n","protected":false},"excerpt":{"rendered":"<p>Adresse postale de la mairie :9 Rue de l&rsquo;\u00c9glise 57470 GUENVILLER T\u00e9l\u00e9phone 03 87 89 10 85International: +33 3 87 89 10 85 Courriel : mairie.guenviller@enes.fr Matin Apr\u00e8s midis Lundi 9h00 &#8211; 11h00 14h00 &#8211; 15h45 Mardi 9h00 &#8211; 11h00 14h00 &#8211; 17h00 Jeudi 9h00 &#8211; 11h00 14h00 &#8211; 15h45 Vendredi 9h00 &#8211; 11h00&#8230;<\/p>\n<p class=\"read-more\"><a class=\"btn btn-default\" href=\"https:\/\/mairiedeguenviller.fr\/index.php\/mairie\/\"> Read More<span class=\"screen-reader-text\">  Read More<\/span><\/a><\/p>\n","protected":false},"author":1,"featured_media":0,"parent":0,"menu_order":0,"comment_status":"closed","ping_status":"closed","template":"","meta":[],"yoast_head":"<!-- This site is optimized with the Yoast SEO plugin v18.6 - https:\/\/yoast.com\/wordpress\/plugins\/seo\/ -->\n<title>Mairie - Mairie de Guenviller<\/title>\n<meta name=\"robots\" content=\"index, follow, max-snippet:-1, max-image-preview:large, max-video-preview:-1\" \/>\n<link rel=\"canonical\" href=\"https:\/\/mairiedeguenviller.fr\/index.php\/mairie\/\" \/>\n<meta property=\"og:locale\" content=\"fr_FR\" \/>\n<meta property=\"og:type\" content=\"article\" \/>\n<meta property=\"og:title\" content=\"Mairie - Mairie de Guenviller\" \/>\n<meta property=\"og:description\" content=\"Adresse postale de la mairie :9 Rue de l&rsquo;\u00c9glise 57470 GUENVILLER T\u00e9l\u00e9phone 03 87 89 10 85International: +33 3 87 89 10 85 Courriel : mairie.guenviller@enes.fr Matin Apr\u00e8s midis Lundi 9h00 &#8211; 11h00 14h00 &#8211; 15h45 Mardi 9h00 &#8211; 11h00 14h00 &#8211; 17h00 Jeudi 9h00 &#8211; 11h00 14h00 &#8211; 15h45 Vendredi 9h00 &#8211; 11h00... Read More Read More\" \/>\n<meta property=\"og:url\" content=\"https:\/\/mairiedeguenviller.fr\/index.php\/mairie\/\" \/>\n<meta property=\"og:site_name\" content=\"Mairie de Guenviller\" \/>\n<meta property=\"article:modified_time\" content=\"2026-04-13T13:35:11+00:00\" \/>\n<meta name=\"twitter:card\" content=\"summary_large_image\" \/>\n<meta name=\"twitter:label1\" content=\"Dur\u00e9e de lecture estim\u00e9e\" \/>\n\t<meta name=\"twitter:data1\" content=\"1 minute\" \/>\n<script type=\"application\/ld+json\" class=\"yoast-schema-graph\">{\"@context\":\"https:\/\/schema.org\",\"@graph\":[{\"@type\":\"Organization\",\"@id\":\"https:\/\/mairiedeguenviller.fr\/#organization\",\"name\":\"Mairie de Guenviller\",\"url\":\"https:\/\/mairiedeguenviller.fr\/\",\"sameAs\":[],\"logo\":{\"@type\":\"ImageObject\",\"@id\":\"https:\/\/mairiedeguenviller.fr\/#logo\",\"inLanguage\":\"fr-FR\",\"url\":\"https:\/\/mairiedeguenviller.fr\/wp-content\/uploads\/2020\/06\/phtos.jpg\",\"contentUrl\":\"https:\/\/mairiedeguenviller.fr\/wp-content\/uploads\/2020\/06\/phtos.jpg\",\"width\":1600,\"height\":1296,\"caption\":\"Mairie de Guenviller\"},\"image\":{\"@id\":\"https:\/\/mairiedeguenviller.fr\/#logo\"}},{\"@type\":\"WebSite\",\"@id\":\"https:\/\/mairiedeguenviller.fr\/#website\",\"url\":\"https:\/\/mairiedeguenviller.fr\/\",\"name\":\"https:\/\/mairiedeguenviller.fr\",\"description\":\"9 rue de l&#039;\u00e9glise 57470 GUENVILLER - 03 87 89 10 85\",\"publisher\":{\"@id\":\"https:\/\/mairiedeguenviller.fr\/#organization\"},\"potentialAction\":[{\"@type\":\"SearchAction\",\"target\":{\"@type\":\"EntryPoint\",\"urlTemplate\":\"https:\/\/mairiedeguenviller.fr\/?s={search_term_string}\"},\"query-input\":\"required name=search_term_string\"}],\"inLanguage\":\"fr-FR\"},{\"@type\":\"WebPage\",\"@id\":\"https:\/\/mairiedeguenviller.fr\/index.php\/mairie\/#webpage\",\"url\":\"https:\/\/mairiedeguenviller.fr\/index.php\/mairie\/\",\"name\":\"Mairie - Mairie de Guenviller\",\"isPartOf\":{\"@id\":\"https:\/\/mairiedeguenviller.fr\/#website\"},\"datePublished\":\"2020-05-25T15:32:37+00:00\",\"dateModified\":\"2026-04-13T13:35:11+00:00\",\"breadcrumb\":{\"@id\":\"https:\/\/mairiedeguenviller.fr\/index.php\/mairie\/#breadcrumb\"},\"inLanguage\":\"fr-FR\",\"potentialAction\":[{\"@type\":\"ReadAction\",\"target\":[\"https:\/\/mairiedeguenviller.fr\/index.php\/mairie\/\"]}]},{\"@type\":\"BreadcrumbList\",\"@id\":\"https:\/\/mairiedeguenviller.fr\/index.php\/mairie\/#breadcrumb\",\"itemListElement\":[{\"@type\":\"ListItem\",\"position\":1,\"name\":\"Accueil\",\"item\":\"https:\/\/mairiedeguenviller.fr\/\"},{\"@type\":\"ListItem\",\"position\":2,\"name\":\"Mairie\"}]}]}<\/script>\n<!-- \/ Yoast SEO plugin. -->","yoast_head_json":{"title":"Mairie - Mairie de Guenviller","robots":{"index":"index","follow":"follow","max-snippet":"max-snippet:-1","max-image-preview":"max-image-preview:large","max-video-preview":"max-video-preview:-1"},"canonical":"https:\/\/mairiedeguenviller.fr\/index.php\/mairie\/","og_locale":"fr_FR","og_type":"article","og_title":"Mairie - Mairie de Guenviller","og_description":"Adresse postale de la mairie :9 Rue de l&rsquo;\u00c9glise 57470 GUENVILLER T\u00e9l\u00e9phone 03 87 89 10 85International: +33 3 87 89 10 85 Courriel : mairie.guenviller@enes.fr Matin Apr\u00e8s midis Lundi 9h00 &#8211; 11h00 14h00 &#8211; 15h45 Mardi 9h00 &#8211; 11h00 14h00 &#8211; 17h00 Jeudi 9h00 &#8211; 11h00 14h00 &#8211; 15h45 Vendredi 9h00 &#8211; 11h00... Read More Read More","og_url":"https:\/\/mairiedeguenviller.fr\/index.php\/mairie\/","og_site_name":"Mairie de Guenviller","article_modified_time":"2026-04-13T13:35:11+00:00","twitter_card":"summary_large_image","twitter_misc":{"Dur\u00e9e de lecture estim\u00e9e":"1 minute"},"schema":{"@context":"https:\/\/schema.org","@graph":[{"@type":"Organization","@id":"https:\/\/mairiedeguenviller.fr\/#organization","name":"Mairie de Guenviller","url":"https:\/\/mairiedeguenviller.fr\/","sameAs":[],"logo":{"@type":"ImageObject","@id":"https:\/\/mairiedeguenviller.fr\/#logo","inLanguage":"fr-FR","url":"https:\/\/mairiedeguenviller.fr\/wp-content\/uploads\/2020\/06\/phtos.jpg","contentUrl":"https:\/\/mairiedeguenviller.fr\/wp-content\/uploads\/2020\/06\/phtos.jpg","width":1600,"height":1296,"caption":"Mairie de Guenviller"},"image":{"@id":"https:\/\/mairiedeguenviller.fr\/#logo"}},{"@type":"WebSite","@id":"https:\/\/mairiedeguenviller.fr\/#website","url":"https:\/\/mairiedeguenviller.fr\/","name":"https:\/\/mairiedeguenviller.fr","description":"9 rue de l&#039;\u00e9glise 57470 GUENVILLER - 03 87 89 10 85","publisher":{"@id":"https:\/\/mairiedeguenviller.fr\/#organization"},"potentialAction":[{"@type":"SearchAction","target":{"@type":"EntryPoint","urlTemplate":"https:\/\/mairiedeguenviller.fr\/?s={search_term_string}"},"query-input":"required name=search_term_string"}],"inLanguage":"fr-FR"},{"@type":"WebPage","@id":"https:\/\/mairiedeguenviller.fr\/index.php\/mairie\/#webpage","url":"https:\/\/mairiedeguenviller.fr\/index.php\/mairie\/","name":"Mairie - Mairie de Guenviller","isPartOf":{"@id":"https:\/\/mairiedeguenviller.fr\/#website"},"datePublished":"2020-05-25T15:32:37+00:00","dateModified":"2026-04-13T13:35:11+00:00","breadcrumb":{"@id":"https:\/\/mairiedeguenviller.fr\/index.php\/mairie\/#breadcrumb"},"inLanguage":"fr-FR","potentialAction":[{"@type":"ReadAction","target":["https:\/\/mairiedeguenviller.fr\/index.php\/mairie\/"]}]},{"@type":"BreadcrumbList","@id":"https:\/\/mairiedeguenviller.fr\/index.php\/mairie\/#breadcrumb","itemListElement":[{"@type":"ListItem","position":1,"name":"Accueil","item":"https:\/\/mairiedeguenviller.fr\/"},{"@type":"ListItem","position":2,"name":"Mairie"}]}]}},"_links":{"self":[{"href":"https:\/\/mairiedeguenviller.fr\/index.php\/wp-json\/wp\/v2\/pages\/49"}],"collection":[{"href":"https:\/\/mairiedeguenviller.fr\/index.php\/wp-json\/wp\/v2\/pages"}],"about":[{"href":"https:\/\/mairiedeguenviller.fr\/index.php\/wp-json\/wp\/v2\/types\/page"}],"author":[{"embeddable":true,"href":"https:\/\/mairiedeguenviller.fr\/index.php\/wp-json\/wp\/v2\/users\/1"}],"replies":[{"embeddable":true,"href":"https:\/\/mairiedeguenviller.fr\/index.php\/wp-json\/wp\/v2\/comments?post=49"}],"version-history":[{"count":15,"href":"https:\/\/mairiedeguenviller.fr\/index.php\/wp-json\/wp\/v2\/pages\/49\/revisions"}],"predecessor-version":[{"id":777,"href":"https:\/\/mairiedeguenviller.fr\/index.php\/wp-json\/wp\/v2\/pages\/49\/revisions\/777"}],"wp:attachment":[{"href":"https:\/\/mairiedeguenviller.fr\/index.php\/wp-json\/wp\/v2\/media?parent=49"}],"curies":[{"name":"wp","href":"https:\/\/api.w.org\/{rel}","templated":true}]}}